{"id":572,"date":"2022-03-04T16:49:07","date_gmt":"2022-03-04T15:49:07","guid":{"rendered":"http:\/\/aqigmbh.de\/automatisiertes-fahren"},"modified":"2025-09-16T09:52:01","modified_gmt":"2025-09-16T07:52:01","slug":"autonomous-driving","status":"publish","type":"page","link":"https:\/\/aqigmbh.de\/en\/topics\/autonomous-driving","title":{"rendered":"Autonomous Driving"},"content":{"rendered":"<div id=\"pl-572\"  class=\"panel-layout\" ><div id=\"pg-572-0\"  class=\"panel-grid panel-has-style\" ><div class=\"uk-margin-large-bottom panel-row-style panel-row-style-for-572-0\" ><div id=\"pgc-572-0-0\"  class=\"panel-grid-cell\" ><div id=\"panel-572-0-0-0\" class=\"so-panel widget widget_sow-editor panel-first-child panel-last-child\" data-index=\"0\" ><div\n\t\t\t\n\t\t\tclass=\"so-widget-sow-editor so-widget-sow-editor-base\"\n\t\t\t\n\t\t>\n<div class=\"siteorigin-widget-tinymce textwidget\">\n\t<h1>Autonomous Driving<\/h1>\n<blockquote class=\"fn-blockquote\">\n<p>Fully automated driving functions are a new dimension of driving - and thus, a new dimension in safeguarding and approving these driving functions.<\/p>\n<\/blockquote>\n<p>Current methods and processes for safeguarding and approving are designed for assistance driving functions. However, for fully automated driving, many new challenges arise for the release processes, for the validation of the complete vehicle and in considering regulatory requirements.<\/p>\n<\/div>\n<\/div><\/div><\/div><\/div><\/div><div id=\"pg-572-1\"  class=\"panel-grid panel-has-style\" ><div class=\"uk-margin-large-bottom panel-row-style panel-row-style-for-572-1\" ><div id=\"pgc-572-1-0\"  class=\"panel-grid-cell\" ><div id=\"panel-572-1-0-0\" class=\"so-panel widget widget_sow-image panel-first-child panel-last-child\" data-index=\"1\" ><div class=\"uk-box-shadow-large  panel-widget-style panel-widget-style-for-572-1-0-0\" ><div\n\t\t\t\n\t\t\tclass=\"so-widget-sow-image so-widget-sow-image-default-8b5b6f678277-572\"\n\t\t\t\n\t\t>\n<div class=\"sow-image-container\">\n\t\t<img \n\tsrc=\"https:\/\/aqigmbh.de\/wp-content\/uploads\/2022\/03\/photocase_3941251.jpg\" width=\"900\" height=\"600\" srcset=\"https:\/\/aqigmbh.de\/wp-content\/uploads\/2022\/03\/photocase_3941251.jpg 900w, https:\/\/aqigmbh.de\/wp-content\/uploads\/2022\/03\/photocase_3941251-300x200.jpg 300w, https:\/\/aqigmbh.de\/wp-content\/uploads\/2022\/03\/photocase_3941251-768x512.jpg 768w, https:\/\/aqigmbh.de\/wp-content\/uploads\/2022\/03\/photocase_3941251-272x182.jpg 272w\" sizes=\"(max-width: 900px) 100vw, 900px\" alt=\"\" \t\tclass=\"so-widget-image\"\/>\n\t<\/div>\n\n<\/div><\/div><\/div><\/div><div id=\"pgc-572-1-1\"  class=\"panel-grid-cell\" ><div id=\"panel-572-1-1-0\" class=\"so-panel widget widget_sow-editor panel-first-child panel-last-child\" data-index=\"2\" ><div\n\t\t\t\n\t\t\tclass=\"so-widget-sow-editor so-widget-sow-editor-base\"\n\t\t\t\n\t\t>\n<div class=\"siteorigin-widget-tinymce textwidget\">\n\t<h3 class=\"uk-h2\">Extending current assurance and approval processes<\/h3>\n<p>In a current project, the AQI is identifying potential gaps that would occur if the current assurance and approval processes were applied to fully automated driving functions. As a result, proposals to close these gaps are made. In addition to legal requirements, approval criteria, homologation requirements and simulation tool requirements are also being considered. The aim is to extend the safeguarding and approval processes to include fully automated driving in such a way that the requirements of customers, legislators and the industry are fulfilled.<\/p>\n<p><a class=\"fn-link-icon-pdf\" href=\"https:\/\/aqigmbh.de\/wp-content\/uploads\/2025\/03\/Checkliste-fuer-die-Qualitaetssicherung.pdf\" target=\"_blank\" rel=\"noopener\">Checkliste f\u00fcr die Qualit\u00e4tssicherung (German)<\/a><\/p>\n<p><a class=\"fn-link-icon-pdf\" href=\"https:\/\/aqigmbh.de\/wp-content\/uploads\/2025\/03\/Leitfaden-zum-Gesetz-zum-Autonomen-Fahren.pdf\" target=\"_blank\" rel=\"noopener\">Leitfaden zum Gesetz zum Autonomen Fahren (German)<\/a><\/p>\n<\/div>\n<\/div><\/div><\/div><\/div><\/div><div id=\"pg-572-2\"  class=\"panel-grid panel-has-style\" ><div class=\"uk-margin-large-bottom panel-row-style panel-row-style-for-572-2\" ><div id=\"pgc-572-2-0\"  class=\"panel-grid-cell\" ><div id=\"panel-572-2-0-0\" class=\"so-panel widget widget_sow-editor panel-first-child panel-last-child\" data-index=\"3\" ><div\n\t\t\t\n\t\t\tclass=\"so-widget-sow-editor so-widget-sow-editor-base\"\n\t\t\t\n\t\t>\n<div class=\"siteorigin-widget-tinymce textwidget\">\n\t<h3 class=\"uk-h2\">Safeguarding and approving of AI software<\/h3>\n<p>In order to prove in a liability case that the state of the art was followed for safeguarding and approval, quality processes, documentation and verification management must be adapted to the complex characteristics of AI algorithms. Accordingly, the AQI is developing concrete solutions that will be integrated into future standardization work. For example, a new process group for A-SPICE has been developed that can be used for AI\/ML software. Furthermore, the AQI is working on an FMEA for AI\/ML-based applications.<\/p>\n<p><a class=\"fn-link-icon-pdf\" href=\"https:\/\/aqigmbh.de\/wp-content\/uploads\/2025\/03\/Anleitung-Visualisierungstool-Loesungsvorschlaege-KI-Nachweisfuehrung.pdf\" target=\"_blank\" rel=\"noopener\">Anleitung Visualisierungstool L\u00f6sungsvorschl\u00e4ge KI-Nachweisf\u00fchrung (German)<\/a><\/p>\n<p><a class=\"fn-link-icon-pdf\" href=\"https:\/\/aqigmbh.de\/wp-content\/uploads\/2025\/03\/Leitfaden.pdf\" target=\"_blank\" rel=\"noopener\">Leitfaden (German)<\/a><\/p>\n<p><a class=\"fn-link-icon-pdf\" href=\"https:\/\/aqigmbh.de\/wp-content\/uploads\/2025\/03\/FMEA-ML-Failures_example.pdf\" target=\"_blank\" rel=\"noopener\">FMEA-ML-Failures_example<\/a><\/p>\n<p><a class=\"fn-link-icon-pdf\" href=\"https:\/\/aqigmbh.de\/wp-content\/uploads\/2025\/03\/FMEA-template-ML-Failures.pdf\" target=\"_blank\" rel=\"noopener\">FMEA-template-ML-Failures<\/a><\/p>\n<\/div>\n<\/div><\/div><\/div><div id=\"pgc-572-2-1\"  class=\"panel-grid-cell\" ><div id=\"panel-572-2-1-0\" class=\"so-panel widget widget_sow-image panel-first-child panel-last-child\" data-index=\"4\" ><div class=\"uk-box-shadow-large  panel-widget-style panel-widget-style-for-572-2-1-0\" ><div\n\t\t\t\n\t\t\tclass=\"so-widget-sow-image so-widget-sow-image-default-8b5b6f678277-572\"\n\t\t\t\n\t\t>\n<div class=\"sow-image-container\">\n\t\t<img \n\tsrc=\"https:\/\/aqigmbh.de\/wp-content\/uploads\/2022\/06\/danial-igdery-FCHlYvR5gJI-unsplash.jpg\" width=\"900\" height=\"600\" srcset=\"https:\/\/aqigmbh.de\/wp-content\/uploads\/2022\/06\/danial-igdery-FCHlYvR5gJI-unsplash.jpg 900w, https:\/\/aqigmbh.de\/wp-content\/uploads\/2022\/06\/danial-igdery-FCHlYvR5gJI-unsplash-300x200.jpg 300w, https:\/\/aqigmbh.de\/wp-content\/uploads\/2022\/06\/danial-igdery-FCHlYvR5gJI-unsplash-768x512.jpg 768w, https:\/\/aqigmbh.de\/wp-content\/uploads\/2022\/06\/danial-igdery-FCHlYvR5gJI-unsplash-272x182.jpg 272w\" sizes=\"(max-width: 900px) 100vw, 900px\" alt=\"\" \t\tclass=\"so-widget-image\"\/>\n\t<\/div>\n\n<\/div><\/div><\/div><\/div><\/div><\/div><div id=\"pg-572-3\"  class=\"panel-grid panel-no-style\" ><div id=\"pgc-572-3-0\"  class=\"panel-grid-cell\" ><div id=\"panel-572-3-0-0\" class=\"so-panel widget widget_sow-editor panel-first-child panel-last-child\" data-index=\"5\" ><div\n\t\t\t\n\t\t\tclass=\"so-widget-sow-editor so-widget-sow-editor-base\"\n\t\t\t\n\t\t>\n<div class=\"siteorigin-widget-tinymce textwidget\">\n\t<h2>Compliance and verification of the state of the art as a prerequisite for autonomous driving<\/h2>\n<p>In this project, the AQI has developed a methodological approach, process descriptions, and checklists that serve to adapt current requirements to the latest state of the art for validation and approval.<\/p>\n<p><a class=\"fn-link-icon-pdf\" href=\"https:\/\/aqigmbh.de\/wp-content\/uploads\/2025\/03\/Ausfuehrlicher-Projektueberblick.pdf\" target=\"_blank\" rel=\"noopener\">Ausf\u00fchrlicher Projekt\u00fcberblick (German)<\/a><\/p>\n<\/div>\n<\/div><\/div><\/div><\/div><div id=\"pg-572-4\"  class=\"panel-grid panel-has-style\" ><div class=\"uk-padding-small uk-background-primary siteorigin-panels-stretch panel-row-style panel-row-style-for-572-4\" data-stretch-type=\"full\" ><div id=\"pgc-572-4-0\"  class=\"panel-grid-cell\" ><div id=\"panel-572-4-0-0\" class=\"so-panel widget widget_fn-cta-row panel-first-child panel-last-child\" data-index=\"6\" ><div\n\t\t\t\n\t\t\tclass=\"so-widget-fn-cta-row so-widget-fn-cta-row-base\"\n\t\t\t\n\t\t><div class=\"cta uk-background-primary fn-padding uk-light\">      <div class=\"uk-container\">\n      <div uk-grid class=\"uk-grid-large uk-flex-middle uk-text-center \">\n        <div class=\"uk-width-expand@m uk-text-left@m\"><p class=\"uk-h2 uk-margin-remove\">Do you have any questions? Contact us!<\/p>        <\/div>\n        <div class=\"uk-width-auto@m uk-text-right@m fn-button-cta\">\n          <a href=\"http:\/\/aqigmbh.de\/en\/contact\" class=\"uk-button uk-button-secondary\">Contact<\/a>\n        <\/div>\n      <\/div>       <\/div>  <\/div><\/div><\/div><\/div><\/div><\/div><\/div>","protected":false},"excerpt":{"rendered":"<p>Autonomous Driving Fully automated driving functions are a new dimension of driving &#8211; and thus, a new dimension in safeguarding and approving these driving functions. Current methods and processes for safeguarding and approving are designed for assistance driving functions. However, for fully automated driving, many new challenges arise for the release processes, for the validation [&hellip;]<\/p>\n","protected":false},"author":1,"featured_media":775,"parent":650,"menu_order":0,"comment_status":"closed","ping_status":"closed","template":"","meta":{"_acf_changed":false,"footnotes":""},"class_list":["post-572","page","type-page","status-publish","has-post-thumbnail","hentry"],"acf":[],"_links":{"self":[{"href":"https:\/\/aqigmbh.de\/en\/wp-json\/wp\/v2\/pages\/572","targetHints":{"allow":["GET"]}}],"collection":[{"href":"https:\/\/aqigmbh.de\/en\/wp-json\/wp\/v2\/pages"}],"about":[{"href":"https:\/\/aqigmbh.de\/en\/wp-json\/wp\/v2\/types\/page"}],"author":[{"embeddable":true,"href":"https:\/\/aqigmbh.de\/en\/wp-json\/wp\/v2\/users\/1"}],"replies":[{"embeddable":true,"href":"https:\/\/aqigmbh.de\/en\/wp-json\/wp\/v2\/comments?post=572"}],"version-history":[{"count":35,"href":"https:\/\/aqigmbh.de\/en\/wp-json\/wp\/v2\/pages\/572\/revisions"}],"predecessor-version":[{"id":1479,"href":"https:\/\/aqigmbh.de\/en\/wp-json\/wp\/v2\/pages\/572\/revisions\/1479"}],"up":[{"embeddable":true,"href":"https:\/\/aqigmbh.de\/en\/wp-json\/wp\/v2\/pages\/650"}],"wp:featuredmedia":[{"embeddable":true,"href":"https:\/\/aqigmbh.de\/en\/wp-json\/wp\/v2\/media\/775"}],"wp:attachment":[{"href":"https:\/\/aqigmbh.de\/en\/wp-json\/wp\/v2\/media?parent=572"}],"curies":[{"name":"wp","href":"https:\/\/api.w.org\/{rel}","templated":true}]}}