{"id":634,"date":"2020-10-22T10:55:16","date_gmt":"2020-10-22T08:55:16","guid":{"rendered":"http:\/\/aqigmbh.de\/startseite"},"modified":"2024-04-28T21:40:33","modified_gmt":"2024-04-28T19:40:33","slug":"startseite","status":"publish","type":"page","link":"https:\/\/aqigmbh.de\/en","title":{"rendered":"Home"},"content":{"rendered":"<div id=\"pl-634\"  class=\"panel-layout\" ><div id=\"pg-634-0\"  class=\"panel-grid panel-no-style\" ><div id=\"pgc-634-0-0\"  class=\"panel-grid-cell panel-grid-cell-empty\" ><\/div><div id=\"pgc-634-0-1\"  class=\"panel-grid-cell panel-grid-cell-mobile-last\" ><div id=\"panel-634-0-1-0\" class=\"so-panel widget widget_sow-editor panel-first-child panel-last-child\" data-index=\"0\" ><div\n\t\t\t\n\t\t\tclass=\"so-widget-sow-editor so-widget-sow-editor-base\"\n\t\t\t\n\t\t>\n<div class=\"siteorigin-widget-tinymce textwidget\">\n\t<h1 style=\"text-align: center;\">A think tank dealing with questions about the digital mobility of tomorrow.<\/h1>\n<p style=\"text-align: center;\">We are a think tank aiming to prepare quality management for the developments of tomorrow. To this end, we work together with the German automotive association VDA and its member companies in order to communicate our ideas to the industry. <\/p>\n<p style=\"text-align: center;\">The subjects we handle relate to current developments in the technology and business aspects of the automotive industry. We develop ideas and solutions for digitizing, networking and automating mobility, a subject domain that includes issues such as the safety of networked, self-driving vehicles, how to handle threats to cyber-security responsibly , and other projects. <\/p>\n<\/div>\n<\/div><\/div><\/div><div id=\"pgc-634-0-2\"  class=\"panel-grid-cell panel-grid-cell-empty\" ><\/div><\/div><div id=\"pg-634-1\"  class=\"panel-grid panel-has-style\" ><div class=\"siteorigin-panels-stretch panel-row-style panel-row-style-for-634-1\" data-stretch-type=\"full-width-stretch\" ><div id=\"pgc-634-1-0\"  class=\"panel-grid-cell\" ><div id=\"panel-634-1-0-0\" class=\"so-panel widget widget_fn-panels-widget panel-first-child panel-last-child\" data-index=\"1\" ><div\n\t\t\t\n\t\t\tclass=\"so-widget-fn-panels-widget so-widget-fn-panels-widget-base\"\n\t\t\t\n\t\t><div class=\"uk-child-width-1-1 uk-child-width-1-2@s uk-child-width-1-2@m uk-child-width-1-3@l uk-grid-small\" uk-height-match=\"target: .fn-panel\" uk-grid><div><a class='fn-panel-link' href='http:\/\/aqigmbh.de\/en\/topics\/autonomous-driving'><div class='fn-panel fn-panel-big uk-background-cover uk-position-relative uk-height-medium' data-src=\"https:\/\/aqigmbh.de\/wp-content\/uploads\/2022\/05\/iStock-971246808.jpg\" data-srcset=\"https:\/\/aqigmbh.de\/wp-content\/uploads\/2022\/05\/iStock-971246808.jpg\" uk-img>\n              <div class=\"fn-panel-title uk-light uk-overlay uk-position-bottom\"><h3 class=\"uk-margin-remove uk-text-center\" uk-scrollspy=\"cls: uk-animation-slide-top;\">Autonomous Driving<\/h3><\/div>\n            <\/div><\/a><\/div><div><a class='fn-panel-link' href='http:\/\/aqigmbh.de\/en\/topics\/big-data-analysis'><div class='fn-panel fn-panel-big uk-background-cover uk-position-relative uk-height-medium' data-src=\"https:\/\/aqigmbh.de\/wp-content\/uploads\/2022\/05\/iStock-1300287214.jpg\" data-srcset=\"https:\/\/aqigmbh.de\/wp-content\/uploads\/2022\/05\/iStock-1300287214.jpg\" uk-img>\n              <div class=\"fn-panel-title uk-light uk-overlay uk-position-bottom\"><h3 class=\"uk-margin-remove uk-text-center\" uk-scrollspy=\"cls: uk-animation-slide-top;\">Big Data &amp; AI-supported Data Analysis<\/h3><\/div>\n            <\/div><\/a><\/div><div><a class='fn-panel-link' href='http:\/\/aqigmbh.de\/en\/topics\/long-term-quality-of-software'><div class='fn-panel fn-panel-big uk-background-cover uk-position-relative uk-height-medium' data-src=\"https:\/\/aqigmbh.de\/wp-content\/uploads\/2022\/03\/iStock-1283596202-1.jpg\" data-srcset=\"https:\/\/aqigmbh.de\/wp-content\/uploads\/2022\/03\/iStock-1283596202-1.jpg\" uk-img>\n              <div class=\"fn-panel-title uk-light uk-overlay uk-position-bottom\"><h3 class=\"uk-margin-remove uk-text-center\" uk-scrollspy=\"cls: uk-animation-slide-top;\">Long-Term Quality of Software<\/h3><\/div>\n            <\/div><\/a><\/div><div><a class='fn-panel-link' href='http:\/\/aqigmbh.de\/en\/topics\/electromobility'><div class='fn-panel fn-panel-big uk-background-cover uk-position-relative uk-height-medium' data-src=\"https:\/\/aqigmbh.de\/wp-content\/uploads\/2022\/05\/iStock-1018354368.jpg\" data-srcset=\"https:\/\/aqigmbh.de\/wp-content\/uploads\/2022\/05\/iStock-1018354368.jpg\" uk-img>\n              <div class=\"fn-panel-title uk-light uk-overlay uk-position-bottom\"><h3 class=\"uk-margin-remove uk-text-center\" uk-scrollspy=\"cls: uk-animation-slide-top;\">Electromobility<\/h3><\/div>\n            <\/div><\/a><\/div><div><a class='fn-panel-link' href='http:\/\/aqigmbh.de\/en\/topics\/automotive-cybersecurity'><div class='fn-panel fn-panel-big uk-background-cover uk-position-relative uk-height-medium' data-src=\"https:\/\/aqigmbh.de\/wp-content\/uploads\/2022\/05\/iStock-1279862993.jpg\" data-srcset=\"https:\/\/aqigmbh.de\/wp-content\/uploads\/2022\/05\/iStock-1279862993.jpg\" uk-img>\n              <div class=\"fn-panel-title uk-light uk-overlay uk-position-bottom\"><h3 class=\"uk-margin-remove uk-text-center\" uk-scrollspy=\"cls: uk-animation-slide-top;\">Automotive Cybersecurity<\/h3><\/div>\n            <\/div><\/a><\/div><div><a class='fn-panel-link' href='http:\/\/aqigmbh.de\/en\/topics\/methods-and-processes'><div class='fn-panel fn-panel-big uk-background-cover uk-position-relative uk-height-medium' data-src=\"https:\/\/aqigmbh.de\/wp-content\/uploads\/2022\/03\/brandon-desjarlais-6aDwXoWeEIc-unsplash-1.jpg\" data-srcset=\"https:\/\/aqigmbh.de\/wp-content\/uploads\/2022\/03\/brandon-desjarlais-6aDwXoWeEIc-unsplash-1.jpg\" uk-img>\n              <div class=\"fn-panel-title uk-light uk-overlay uk-position-bottom\"><h3 class=\"uk-margin-remove uk-text-center\" uk-scrollspy=\"cls: uk-animation-slide-top;\">Methods and Processes<\/h3><\/div>\n            <\/div><\/a><\/div><\/div><\/div><\/div><\/div><\/div><\/div><div id=\"pg-634-2\"  class=\"panel-grid panel-has-style\" ><div class=\"uk-padding-large siteorigin-panels-stretch panel-row-style panel-row-style-for-634-2\" data-stretch-type=\"full\" ><div id=\"pgc-634-2-0\"  class=\"panel-grid-cell panel-grid-cell-mobile-last\" ><div class=\"uk-padding-large panel-cell-style panel-cell-style-for-634-2-0\" ><div id=\"panel-634-2-0-0\" class=\"so-panel widget widget_sow-editor panel-first-child panel-last-child\" data-index=\"2\" ><div class=\"uk-light primary-transparent uk-padding panel-widget-style panel-widget-style-for-634-2-0-0\" ><div\n\t\t\t\n\t\t\tclass=\"so-widget-sow-editor so-widget-sow-editor-base\"\n\t\t\t\n\t\t>\n<div class=\"siteorigin-widget-tinymce textwidget\">\n\t<h3 class=\"uk-h1\">Our vision<\/h3>\n<p>Our work is guided by our ideals and values, meaning that the results we achieve for our customers fulfill our own exacting quality standards.<\/p>\n<p>Our team is comprised of specialists in various disciplines. What we have in common is our willingness to think outside the box and deal with questions of the quality management of tomorrow. Get to know us here.<\/p>\n<\/div>\n<\/div><\/div><\/div><\/div><\/div><div id=\"pgc-634-2-1\"  class=\"panel-grid-cell panel-grid-cell-empty\" ><\/div><\/div><\/div><div id=\"pg-634-3\"  class=\"panel-grid panel-has-style\" ><div class=\" uk-padding-large siteorigin-panels-stretch panel-row-style panel-row-style-for-634-3\" data-stretch-type=\"full\" ><div id=\"pgc-634-3-0\"  class=\"panel-grid-cell\" ><div id=\"panel-634-3-0-0\" class=\"so-panel widget widget_sow-editor panel-first-child\" data-index=\"3\" ><div\n\t\t\t\n\t\t\tclass=\"so-widget-sow-editor so-widget-sow-editor-base\"\n\t\t\t\n\t\t>\n<div class=\"siteorigin-widget-tinymce textwidget\">\n\t<h3 class=\"uk-h2\" style=\"text-align: center;\">Our partners<\/h3>\n<\/div>\n<\/div><\/div><div id=\"panel-634-3-0-1\" class=\"so-panel widget widget_sow-editor panel-last-child\" data-index=\"4\" ><div\n\t\t\t\n\t\t\tclass=\"so-widget-sow-editor so-widget-sow-editor-base\"\n\t\t\t\n\t\t>\n<div class=\"siteorigin-widget-tinymce textwidget\">\n\t  <div class=\"fn-gallery-slider\" uk-slider=\"autoplay: true; autoplay-interval: 4000; animation: fade; pause-on-hover: false;\">\n    <div class=\"uk-position-relativ\">\n      <div class=\"uk-slider-container\">\n        <ul class=\"uk-slider-items uk-flex uk-flex-center uk-child-width-1-1 uk-child-width-1-2@s uk-child-width-1-3@m\" uk-height-match=\"target: li > a > .fn-gallery-slider-item\">\n                    <li class=\"\">            <a class=\"uk-height-1-1 uk-padding\" target=\"_blank\" rel=\"noopener noreferrer\" href=\"https:\/\/www.fokus.fraunhofer.de\/\">            <div class=\"fn-gallery-slider-item  uk-flex uk-box-shadow-medium \">\n              <div class=\"uk-flex-column uk-width-1-1\">\n                <div class=\"fn-partner-image\">\n                  <img decoding=\"async\" class=\"uk-align-center\" src=\"https:\/\/aqigmbh.de\/wp-content\/uploads\/2022\/08\/22_fokus_web.svg\"\/>\n                <\/div>\n                <div class=\"fn-partner-name uk-margin-top\">\n                  <p class=\"uk-h4 uk-text-center\">Fraunhofer FOKUS<\/p>\n                <\/div>\n              <\/div>\n            <\/div>            <\/a>          <\/li>\n                <li class=\"\">            <a class=\"uk-height-1-1 uk-padding\" target=\"_blank\" rel=\"noopener noreferrer\" href=\"https:\/\/www.inwt-statistics.de\/home.html\">            <div class=\"fn-gallery-slider-item  uk-flex uk-box-shadow-medium \">\n              <div class=\"uk-flex-column uk-width-1-1\">\n                <div class=\"fn-partner-image\">\n                  <img decoding=\"async\" class=\"uk-align-center\" src=\"https:\/\/aqigmbh.de\/wp-content\/uploads\/2022\/08\/inwt-logo.svg\"\/>\n                <\/div>\n                <div class=\"fn-partner-name uk-margin-top\">\n                  <p class=\"uk-h4 uk-text-center\">INWT Statistics GmbH<\/p>\n                <\/div>\n              <\/div>\n            <\/div>            <\/a>          <\/li>\n                <li class=\"\">            <a class=\"uk-height-1-1 uk-padding\" target=\"_blank\" rel=\"noopener noreferrer\" href=\"https:\/\/www.qw.tu-berlin.de\/menue\/qualitaetswissenschaft\/\">            <div class=\"fn-gallery-slider-item  uk-flex uk-box-shadow-medium \">\n              <div class=\"uk-flex-column uk-width-1-1\">\n                <div class=\"fn-partner-image\">\n                  <img decoding=\"async\" class=\"uk-align-center\" src=\"https:\/\/aqigmbh.de\/wp-content\/uploads\/2022\/08\/QW-ohne-Text-quadratisch.jpg\"\/>\n                <\/div>\n                <div class=\"fn-partner-name uk-margin-top\">\n                  <p class=\"uk-h4 uk-text-center\">TU Berlin - Fachgebiet Qualit\u00e4tswissenschaft<\/p>\n                <\/div>\n              <\/div>\n            <\/div>            <\/a>          <\/li>\n            <\/ul>\n      <div class=\"uk-flex uk-flex-center\">\n        <a class=\" uk-position-small\" href=\"#\" uk-slider-item=\"previous\"><i class=\"fas fa-chevron-left uk-text-secondary uk-text-bolder uk-text-large\"><\/i><\/a>\n        <a class=\" uk-position-small\" href=\"#\" uk-slider-item=\"next\"><i class=\"fas fa-chevron-right uk-text-secondary uk-text-bolder uk-text-large\"><\/i><\/a>\n      <\/div>\n      <\/div>\n    <\/div>\n  <\/div>\n  \n<\/div>\n<\/div><\/div><\/div><\/div><\/div><div id=\"pg-634-4\"  class=\"panel-grid panel-has-style\" ><div class=\" uk-padding-large uk-background-muted siteorigin-panels-stretch panel-row-style panel-row-style-for-634-4\" data-stretch-type=\"full\" ><div id=\"pgc-634-4-0\"  class=\"panel-grid-cell\" ><div id=\"panel-634-4-0-0\" class=\"so-panel widget widget_sow-editor panel-first-child panel-last-child\" data-index=\"5\" ><div\n\t\t\t\n\t\t\tclass=\"so-widget-sow-editor so-widget-sow-editor-base\"\n\t\t\t\n\t\t>\n<div class=\"siteorigin-widget-tinymce textwidget\">\n\t<div class=\"uk-grid-match\" uk-grid>      <div class=\"uk-width-1-1\">\n        <article>\n          <div class=\"fn-blog-article uk-background-default uk-box-shadow-medium uk-padding uk-border-rounded\">\n            <div class=\"article-content uk-width-1-1\">\n              <p class=\"uk-text-uppercase uk-text-secondary\">news<\/p>\n              <h3 class=\"article-title uk-margin-remove uk-h2\">\n                Bedarfsermittlung von Schnelllades\u00e4ulen              <\/h3>\n              <div class=\"article-meta uk-margin-bottom uk-margin-top uk-text-small\">\n                <div class=\"uk-grid-small uk-child-width-auto\" uk-grid>\n                  <div class=\"uk-text-primary\"><i class=\"fad fa-tags\"><\/i> Elektromobilit\u00e4t<\/div>\n                <\/div>\n              <\/div>\n              <div class=\"article-text\">In den vergangenen Monaten entwickelte das VDA-Unternehmen AQI GmbH ein Tool, mit welchem der Bedarf f\u00fcr Schnellladepunkte in Deutschland entlang von Fernstra\u00dfen ermittelt werden kann. Die Basis des Tools bilden die Daten der Verkehrsverflechtungsprognose 2030. In die Berechnungen des Ladebedarfs wird jede einzelne von einem Fahrzeug zur\u00fcckgelegte Route ber\u00fccksichtigt. Dadurch kann f\u00fcr jeden Punkt in<\/div>\n            <\/div>\n            <div class=\"uk-margin-medium-top\">\n              <a class =\"uk-button uk-button-primary\" href=\"https:\/\/aqigmbh.de\/en\/aktuelles\/bedarfsermittlung-von-schnellladesaeulen\">More<\/a>\n            <\/div>\n            <\/div>\n        <\/article>\n      <\/div>\n        <!-- <div class=\"uk-width-1-3@m uk-width-1-2@s uk-width-1-1\">\n      <p class=\"uk-text-uppercase uk-text-secondary\">Weitere Publikationen<\/p>\n      <ul class=\"uk-list fn-publication-list\"> -->     <!-- <li><a href=\"\" title=\"\"><\/a><\/li> -->        <!-- <\/ul>\n  <\/div> -->\n<\/div>\n\n<\/div>\n<\/div><\/div><\/div><\/div><\/div><div id=\"pg-634-5\"  class=\"panel-grid panel-has-style\" ><div class=\"row-child-animation uk-padding-large uk-padding-small-top siteorigin-panels-stretch panel-row-style panel-row-style-for-634-5\" data-stretch-type=\"full\" ><div id=\"pgc-634-5-0\"  class=\"panel-grid-cell\" ><div id=\"panel-634-5-0-0\" class=\"so-panel widget widget_sow-editor panel-first-child panel-last-child\" data-index=\"6\" ><div\n\t\t\t\n\t\t\tclass=\"so-widget-sow-editor so-widget-sow-editor-base\"\n\t\t\t\n\t\t>\n<div class=\"siteorigin-widget-tinymce textwidget\">\n\t<p class=\"uk-h1\">We support you!<\/p>\n<blockquote><p>We consult for and support our customers in implementing their solutions with first-class project management.<\/p><\/blockquote>\n<\/div>\n<\/div><\/div><\/div><div id=\"pgc-634-5-1\"  class=\"panel-grid-cell\" ><div id=\"panel-634-5-1-0\" class=\"so-panel widget widget_sow-editor panel-first-child panel-last-child\" data-index=\"7\" ><div class=\"fn-box panel-widget-style panel-widget-style-for-634-5-1-0\" ><div\n\t\t\t\n\t\t\tclass=\"so-widget-sow-editor so-widget-sow-editor-base\"\n\t\t\t\n\t\t>\n<div class=\"siteorigin-widget-tinymce textwidget\">\n\t\n<div class=\"wpcf7 no-js\" id=\"wpcf7-f661-o1\" lang=\"en-US\" dir=\"ltr\" data-wpcf7-id=\"661\">\n<div class=\"screen-reader-response\"><p role=\"status\" aria-live=\"polite\" aria-atomic=\"true\"><\/p> <ul><\/ul><\/div>\n<form action=\"\/en\/wp-json\/wp\/v2\/pages\/634#wpcf7-f661-o1\" method=\"post\" class=\"wpcf7-form init\" aria-label=\"Contact form\" novalidate=\"novalidate\" data-status=\"init\">\n<fieldset class=\"hidden-fields-container\"><input type=\"hidden\" name=\"_wpcf7\" value=\"661\" \/><input type=\"hidden\" name=\"_wpcf7_version\" value=\"6.1.5\" \/><input type=\"hidden\" name=\"_wpcf7_locale\" value=\"en_US\" \/><input type=\"hidden\" name=\"_wpcf7_unit_tag\" value=\"wpcf7-f661-o1\" \/><input type=\"hidden\" name=\"_wpcf7_container_post\" value=\"0\" \/><input type=\"hidden\" name=\"_wpcf7_posted_data_hash\" value=\"\" \/>\n<\/fieldset>\n<div uk-grid class=\"uk-grid-small\">\n\t<div class=\"uk-width-1-1\">\n\t\t<p><label for=\"fn-firma\">Firma<\/label><br \/>\n<span class=\"wpcf7-form-control-wrap\" data-name=\"fn-firma\"><input size=\"40\" maxlength=\"400\" class=\"wpcf7-form-control wpcf7-text uk-input\" aria-invalid=\"false\" placeholder=\"Anderson Inc.\" value=\"\" type=\"text\" name=\"fn-firma\" \/><\/span>\n\t\t<\/p>\n\t<\/div>\n\t<div class=\"uk-width-1-2@m\">\n\t\t<p><label for=\"fn-vorname\">Vorname *<\/label><br \/>\n<span class=\"wpcf7-form-control-wrap\" data-name=\"fn-vorname\"><input size=\"40\" maxlength=\"400\" class=\"wpcf7-form-control wpcf7-text wpcf7-validates-as-required uk-input\" aria-required=\"true\" aria-invalid=\"false\" placeholder=\"Robert Lee\" value=\"\" type=\"text\" name=\"fn-vorname\" \/><\/span>\n\t\t<\/p>\n\t<\/div>\n\t<div class=\"uk-width-1-2@m\">\n\t\t<p><label for=\"fn-nachname\">Nachname *<\/label><br \/>\n<span class=\"wpcf7-form-control-wrap\" data-name=\"fn-nachname\"><input size=\"40\" maxlength=\"400\" class=\"wpcf7-form-control wpcf7-text wpcf7-validates-as-required uk-input\" aria-required=\"true\" aria-invalid=\"false\" placeholder=\"Anderson\" value=\"\" type=\"text\" name=\"fn-nachname\" \/><\/span><span id=\"name-verify\" class=\"wpcf7-form-control-wrap fn-name-verify-wrap\" ><input id=\"name-verify\"  class=\"wpcf7-form-control wpcf7-text fn-name-verify\" type=\"text\" name=\"fn-name-verify\" value=\"\" size=\"40\" tabindex=\"-1\" autocomplete=\"new-password\" \/><\/span>\n\t\t<\/p>\n\t<\/div>\n\t<div class=\"uk-width-1-2@m\">\n\t\t<p><label for=\"fn-mail\">E-Mail Adresse *<\/label><br \/>\n<span class=\"wpcf7-form-control-wrap\" data-name=\"fn-mail\"><input size=\"40\" maxlength=\"400\" class=\"wpcf7-form-control wpcf7-email wpcf7-validates-as-required wpcf7-text wpcf7-validates-as-email uk-input\" aria-required=\"true\" aria-invalid=\"false\" placeholder=\"kevin.jones@mail.com *\" value=\"\" type=\"email\" name=\"fn-mail\" \/><\/span><span id=\"mail-verify\" class=\"wpcf7-form-control-wrap fn-mail-verify-wrap\" ><input id=\"mail-verify\"  class=\"wpcf7-form-control wpcf7-text fn-mail-verify\" type=\"text\" name=\"fn-mail-verify\" value=\"\" size=\"40\" tabindex=\"-1\" autocomplete=\"new-password\" \/><\/span>\n\t\t<\/p>\n\t<\/div>\n\t<div class=\"uk-width-1-2@m\">\n\t\t<p><label for=\"fn-phone\">Telefonnummer<\/label><br \/>\n<span class=\"wpcf7-form-control-wrap\" data-name=\"fn-phone\"><input size=\"40\" maxlength=\"400\" class=\"wpcf7-form-control wpcf7-text uk-input\" aria-invalid=\"false\" placeholder=\"+49 123 4567 8410\" value=\"\" type=\"text\" name=\"fn-phone\" \/><\/span>\n\t\t<\/p>\n\t<\/div>\n\t<div class=\"uk-width-1-1\">\n\t\t<p><label for=\"fn-gebiete\">In welchem Gebiet k\u00f6nnen wir helfen?<\/label><br \/>\n<span class=\"wpcf7-form-control-wrap\" data-name=\"fn-gebiet\"><select class=\"wpcf7-form-control wpcf7-select wpcf7-validates-as-required uk-select\" aria-required=\"true\" aria-invalid=\"false\" name=\"fn-gebiet\"><option value=\"\">&#8212;Please choose an option&#8212;<\/option><option value=\"Elektromobilit\u00e4t\">Elektromobilit\u00e4t<\/option><option value=\"BIG DATA \/ Datenanalyse\">BIG DATA \/ Datenanalyse<\/option><option value=\"Automatisiertes Fahren\">Automatisiertes Fahren<\/option><option value=\"Automotive Cyber Security\">Automotive Cyber Security<\/option><option value=\"Agilit\u00e4t\">Agilit\u00e4t<\/option><option value=\"OTA-Updates\">OTA-Updates<\/option><option value=\"Sonstiges\">Sonstiges<\/option><\/select><\/span>\n\t\t<\/p>\n\t<\/div>\n\t<div class=\"uk-width-1-1\">\n\t\t<p><label for=\"fn-message\">Nachricht<\/label><br \/>\n<span class=\"wpcf7-form-control-wrap\" data-name=\"fn-message\"><textarea cols=\"40\" rows=\"4\" maxlength=\"2000\" class=\"wpcf7-form-control wpcf7-textarea uk-textarea uk-margin-small-bottom\" aria-invalid=\"false\" placeholder=\"Ihre Nachricht\" name=\"fn-message\"><\/textarea><\/span><br \/>\n<span class=\"wpcf7-form-control-wrap\" data-name=\"fn-datenschutz\"><span class=\"wpcf7-form-control wpcf7-acceptance\"><span class=\"wpcf7-list-item\"><label><input type=\"checkbox\" name=\"fn-datenschutz\" value=\"1\" class=\"uk-checkbox\" aria-invalid=\"false\" \/><span class=\"wpcf7-list-item-label\">Ich stimme zu, dass meine Angaben aus dem Formular zur Beantwortung meiner Anfrage erhoben und verarbeitet werden. <a href=\"\/datenschutz\/\">Datenschutz<\/a> * <i class=\"fal fa-question-circle\" uk-tooltip=\"Sie k\u00f6nnen Ihre Einwilligung jederzeit f\u00fcr die Zukunft per E-Mail an info@bundler-textil.de widerrufen.\"><\/i><\/span><\/label><\/span><\/span><\/span><br \/>\n<input class=\"wpcf7-form-control wpcf7-submit has-spinner uk-button uk-button-primary uk-margin-small-top\" type=\"submit\" value=\"Abschicken\" \/>\n\t\t<\/p>\n\t<\/div>\n<\/div><div class=\"wpcf7-response-output\" aria-hidden=\"true\"><\/div>\n<\/form>\n<\/div>\n\n<\/div>\n<\/div><\/div><\/div><\/div><\/div><\/div><\/div>","protected":false},"excerpt":{"rendered":"<p>A think tank dealing with questions about the digital mobility of tomorrow. We are a think tank aiming to prepare quality management for the developments of tomorrow. To this end, we work together with the German automotive association VDA and its member companies in order to communicate our ideas to the industry. The subjects we [&hellip;]<\/p>\n","protected":false},"author":1,"featured_media":0,"parent":0,"menu_order":0,"comment_status":"closed","ping_status":"closed","template":"","meta":{"_acf_changed":false,"footnotes":""},"class_list":["post-634","page","type-page","status-publish","hentry"],"acf":[],"_links":{"self":[{"href":"https:\/\/aqigmbh.de\/en\/wp-json\/wp\/v2\/pages\/634","targetHints":{"allow":["GET"]}}],"collection":[{"href":"https:\/\/aqigmbh.de\/en\/wp-json\/wp\/v2\/pages"}],"about":[{"href":"https:\/\/aqigmbh.de\/en\/wp-json\/wp\/v2\/types\/page"}],"author":[{"embeddable":true,"href":"https:\/\/aqigmbh.de\/en\/wp-json\/wp\/v2\/users\/1"}],"replies":[{"embeddable":true,"href":"https:\/\/aqigmbh.de\/en\/wp-json\/wp\/v2\/comments?post=634"}],"version-history":[{"count":53,"href":"https:\/\/aqigmbh.de\/en\/wp-json\/wp\/v2\/pages\/634\/revisions"}],"predecessor-version":[{"id":1326,"href":"https:\/\/aqigmbh.de\/en\/wp-json\/wp\/v2\/pages\/634\/revisions\/1326"}],"wp:attachment":[{"href":"https:\/\/aqigmbh.de\/en\/wp-json\/wp\/v2\/media?parent=634"}],"curies":[{"name":"wp","href":"https:\/\/api.w.org\/{rel}","templated":true}]}}